{"id":22,"date":"2023-10-16T22:34:22","date_gmt":"2023-10-16T22:34:22","guid":{"rendered":"http:\/\/lossandwicheros.com.ar\/sitioweb\/?page_id=22"},"modified":"2023-10-17T13:02:54","modified_gmt":"2023-10-17T13:02:54","slug":"quienes-somos","status":"publish","type":"page","link":"https:\/\/lossandwicheros.com.ar\/sitioweb\/quienes-somos\/","title":{"rendered":"Quienes Somos"},"content":{"rendered":"\t\t<div data-elementor-type=\"wp-page\" data-elementor-id=\"22\" class=\"elementor elementor-22\">\n\t\t\t\t<div class=\"elementor-element elementor-element-54a3abe e-flex e-con-boxed e-con e-parent\" data-id=\"54a3abe\" data-element_type=\"container\" data-e-type=\"container\">\n\t\t\t\t\t<div class=\"e-con-inner\">\n\t\t\t\t\t<\/div>\n\t\t\t\t<\/div>\n\t\t<div class=\"elementor-element elementor-element-2b9efd0d e-flex e-con-boxed e-con e-parent\" data-id=\"2b9efd0d\" data-element_type=\"container\" data-e-type=\"container\">\n\t\t\t\t\t<div class=\"e-con-inner\">\n\t\t<div class=\"elementor-element elementor-element-38fb11cc e-flex e-con-boxed e-con e-child\" data-id=\"38fb11cc\" data-element_type=\"container\" data-e-type=\"container\">\n\t\t\t\t\t<div class=\"e-con-inner\">\n\t\t\t\t<div class=\"elementor-element elementor-element-76aed47e elementor-invisible elementor-widget elementor-widget-heading\" data-id=\"76aed47e\" data-element_type=\"widget\" data-e-type=\"widget\" data-settings=\"{&quot;_animation&quot;:&quot;bounceInLeft&quot;,&quot;_animation_delay&quot;:0}\" data-widget_type=\"heading.default\">\n\t\t\t\t<div class=\"elementor-widget-container\">\n\t\t\t\t\t<h2 class=\"elementor-heading-title elementor-size-default\">\u00a1Descubre la Experiencia Inigualable de Los Sandwicheros en Mar del Plata!<\/h2>\t\t\t\t<\/div>\n\t\t\t\t<\/div>\n\t\t\t\t<div class=\"elementor-element elementor-element-4974a437 elementor-invisible elementor-widget elementor-widget-text-editor\" data-id=\"4974a437\" data-element_type=\"widget\" data-e-type=\"widget\" data-settings=\"{&quot;_animation&quot;:&quot;bounceInRight&quot;}\" data-widget_type=\"text-editor.default\">\n\t\t\t\t<div class=\"elementor-widget-container\">\n\t\t\t\t\t\t\t\t\t<p>En <strong>Los Sandwicheros<\/strong>, llevamos m\u00e1s de<strong> tres d\u00e9cadas<\/strong> perfeccionando el arte de crear s\u00e1ndwiches de la m\u00e1s alta calidad. <br \/>Estamos comprometidos a ofrecer la mejor calidad al menor precio.<br \/>Nos destacamos por estar en constante crecimiento y por seguir consolid\u00e1ndonos como una de las mejores opciones en el mercado de la gastronom\u00eda.<br \/>Nuestra pasi\u00f3n por la excelencia culinaria y la satisfacci\u00f3n del cliente nos ha catapultado como una de las elecciones m\u00e1s confiables y deliciosas en la hermosa ciudad de <strong>Mar del Plata<\/strong>. <br \/>\u00a1Te invitamos a disfrutar de una tradici\u00f3n que perdura y a probar la perfecci\u00f3n en cada bocado!<\/p>\t\t\t\t\t\t\t\t<\/div>\n\t\t\t\t<\/div>\n\t\t\t\t\t<\/div>\n\t\t\t\t<\/div>\n\t\t\t\t\t<\/div>\n\t\t\t\t<\/div>\n\t\t<div class=\"elementor-element elementor-element-f9a3c8a e-flex e-con-boxed e-con e-parent\" data-id=\"f9a3c8a\" data-element_type=\"container\" data-e-type=\"container\">\n\t\t\t\t\t<div class=\"e-con-inner\">\n\t\t<div class=\"elementor-element elementor-element-a523a14 e-flex e-con-boxed e-con e-child\" data-id=\"a523a14\" data-element_type=\"container\" data-e-type=\"container\">\n\t\t\t\t\t<div class=\"e-con-inner\">\n\t\t\t\t<div class=\"elementor-element elementor-element-f8aaf74 elementor-invisible elementor-widget elementor-widget-heading\" data-id=\"f8aaf74\" data-element_type=\"widget\" data-e-type=\"widget\" data-settings=\"{&quot;_animation&quot;:&quot;bounceInLeft&quot;,&quot;_animation_delay&quot;:0}\" data-widget_type=\"heading.default\">\n\t\t\t\t<div class=\"elementor-widget-container\">\n\t\t\t\t\t<h2 class=\"elementor-heading-title elementor-size-default\">\"La Mejor Calidad al Menor Precio\"<\/h2>\t\t\t\t<\/div>\n\t\t\t\t<\/div>\n\t\t\t\t\t<\/div>\n\t\t\t\t<\/div>\n\t\t\t\t\t<\/div>\n\t\t\t\t<\/div>\n\t\t\t\t<\/div>\n\t\t","protected":false},"excerpt":{"rendered":"<p>\u00a1Descubre la Experiencia Inigualable de Los Sandwicheros en Mar del Plata! En Los Sandwicheros, llevamos m\u00e1s de tres d\u00e9cadas perfeccionando el arte de crear s\u00e1ndwiches de la m\u00e1s alta calidad. Estamos comprometidos a ofrecer la mejor calidad al menor precio.Nos destacamos por estar en constante crecimiento y por seguir consolid\u00e1ndonos como una de las mejores [&hellip;]<\/p>\n","protected":false},"author":2,"featured_media":0,"parent":0,"menu_order":0,"comment_status":"closed","ping_status":"closed","template":"","meta":{"site-sidebar-layout":"no-sidebar","site-content-layout":"","ast-site-content-layout":"full-width-container","site-content-style":"default","site-sidebar-style":"default","ast-global-header-display":"","ast-banner-title-visibility":"","ast-main-header-display":"","ast-hfb-above-header-display":"","ast-hfb-below-header-display":"","ast-hfb-mobile-header-display":"","site-post-title":"disabled","ast-breadcrumbs-content":"","ast-featured-img":"disabled","footer-sml-layout":"","ast-disable-related-posts":"","theme-transparent-header-meta":"","adv-header-id-meta":"","stick-header-meta":"","header-above-stick-meta":"","header-main-stick-meta":"","header-below-stick-meta":"","astra-migrate-meta-layouts":"default","ast-page-background-enabled":"default","ast-page-background-meta":{"desktop":{"background-color":"var(--ast-global-color-4)","background-image":"","background-repeat":"repeat","background-position":"center center","background-size":"auto","background-attachment":"scroll","background-type":"","background-media":"","overlay-type":"","overlay-color":"","overlay-opacity":"","overlay-gradient":""},"tablet":{"background-color":"","background-image":"","background-repeat":"repeat","background-position":"center center","background-size":"auto","background-attachment":"scroll","background-type":"","background-media":"","overlay-type":"","overlay-color":"","overlay-opacity":"","overlay-gradient":""},"mobile":{"background-color":"","background-image":"","background-repeat":"repeat","background-position":"center center","background-size":"auto","background-attachment":"scroll","background-type":"","background-media":"","overlay-type":"","overlay-color":"","overlay-opacity":"","overlay-gradient":""}},"ast-content-background-meta":{"desktop":{"background-color":"var(--ast-global-color-5)","background-image":"","background-repeat":"repeat","background-position":"center center","background-size":"auto","background-attachment":"scroll","background-type":"","background-media":"","overlay-type":"","overlay-color":"","overlay-opacity":"","overlay-gradient":""},"tablet":{"background-color":"var(--ast-global-color-5)","background-image":"","background-repeat":"repeat","background-position":"center center","background-size":"auto","background-attachment":"scroll","background-type":"","background-media":"","overlay-type":"","overlay-color":"","overlay-opacity":"","overlay-gradient":""},"mobile":{"background-color":"var(--ast-global-color-5)","background-image":"","background-repeat":"repeat","background-position":"center center","background-size":"auto","background-attachment":"scroll","background-type":"","background-media":"","overlay-type":"","overlay-color":"","overlay-opacity":"","overlay-gradient":""}},"footnotes":""},"class_list":["post-22","page","type-page","status-publish","hentry"],"_links":{"self":[{"href":"https:\/\/lossandwicheros.com.ar\/sitioweb\/wp-json\/wp\/v2\/pages\/22","targetHints":{"allow":["GET"]}}],"collection":[{"href":"https:\/\/lossandwicheros.com.ar\/sitioweb\/wp-json\/wp\/v2\/pages"}],"about":[{"href":"https:\/\/lossandwicheros.com.ar\/sitioweb\/wp-json\/wp\/v2\/types\/page"}],"author":[{"embeddable":true,"href":"https:\/\/lossandwicheros.com.ar\/sitioweb\/wp-json\/wp\/v2\/users\/2"}],"replies":[{"embeddable":true,"href":"https:\/\/lossandwicheros.com.ar\/sitioweb\/wp-json\/wp\/v2\/comments?post=22"}],"version-history":[{"count":10,"href":"https:\/\/lossandwicheros.com.ar\/sitioweb\/wp-json\/wp\/v2\/pages\/22\/revisions"}],"predecessor-version":[{"id":258,"href":"https:\/\/lossandwicheros.com.ar\/sitioweb\/wp-json\/wp\/v2\/pages\/22\/revisions\/258"}],"wp:attachment":[{"href":"https:\/\/lossandwicheros.com.ar\/sitioweb\/wp-json\/wp\/v2\/media?parent=22"}],"curies":[{"name":"wp","href":"https:\/\/api.w.org\/{rel}","templated":true}]}}